{"id":2437,"date":"2021-03-30T16:55:22","date_gmt":"2021-03-30T15:55:22","guid":{"rendered":"https:\/\/www.consulting-ecs.com\/fr\/?page_id=2437"},"modified":"2021-04-06T16:00:22","modified_gmt":"2021-04-06T15:00:22","slug":"mentions-legales","status":"publish","type":"page","link":"https:\/\/www.consulting-ecs.com\/fr\/mentions-legales\/","title":{"rendered":"MENTIONS L\u00c9GALES"},"content":{"rendered":"\t\t<div data-elementor-type=\"wp-post\" data-elementor-id=\"2437\" class=\"elementor elementor-2437\">\n\t\t\t\t\t\t<section class=\"elementor-section elementor-top-section elementor-element elementor-element-911c39c elementor-section-height-min-height elementor-section-stretched elementor-section-boxed elementor-section-height-default elementor-section-items-middle\" data-id=\"911c39c\" data-element_type=\"section\" data-e-type=\"section\" data-settings=\"{&quot;background_background&quot;:&quot;classic&quot;,&quot;stretch_section&quot;:&quot;section-stretched&quot;}\">\n\t\t\t\t\t\t<div class=\"elementor-container elementor-column-gap-wide\">\n\t\t\t\t\t<div class=\"elementor-column elementor-col-100 elementor-top-column elementor-element elementor-element-6fd331a\" data-id=\"6fd331a\" data-element_type=\"column\" data-e-type=\"column\">\n\t\t\t<div class=\"elementor-widget-wrap elementor-element-populated\">\n\t\t\t\t\t\t<div class=\"elementor-element elementor-element-e45ed12 elementor-widget elementor-widget-heading\" data-id=\"e45ed12\" data-element_type=\"widget\" data-e-type=\"widget\" data-widget_type=\"heading.default\">\n\t\t\t\t<div class=\"elementor-widget-container\">\n\t\t\t\t\t<h1 class=\"elementor-heading-title elementor-size-default\">MENTIONS L\u00c9GALES<\/h1>\t\t\t\t<\/div>\n\t\t\t\t<\/div>\n\t\t\t\t<div class=\"elementor-element elementor-element-3bc964a elementor-widget elementor-widget-heading\" data-id=\"3bc964a\" data-element_type=\"widget\" data-e-type=\"widget\" data-widget_type=\"heading.default\">\n\t\t\t\t<div class=\"elementor-widget-container\">\n\t\t\t\t\t<h3 class=\"elementor-heading-title elementor-size-default\">En vigueur au 01\/03\/2021<\/h3>\t\t\t\t<\/div>\n\t\t\t\t<\/div>\n\t\t\t\t<div class=\"elementor-element elementor-element-e3b2171 elementor-widget elementor-widget-text-editor\" data-id=\"e3b2171\" data-element_type=\"widget\" data-e-type=\"widget\" data-widget_type=\"text-editor.default\">\n\t\t\t\t<div class=\"elementor-widget-container\">\n\t\t\t\t\t\t\t\t\t<p>Conform\u00e9ment aux dispositions des Articles 6-III et 19 de la Loi n\u00b02004-575 du 21 juin 2004 pour la Confiance dans l\u2019\u00e9conomie num\u00e9rique, dite L.C.E.N., il est port\u00e9 \u00e0 la connaissance des Utilisateurs du site\u00a0\u00a0pr\u00e9sentes mentions l\u00e9gales.<br \/>La connexion et la navigation sur le site www.consulting-ecs.com de la soci\u00e9t\u00e9 EC+S European consulting plus services, par l\u2019Utilisateur, implique acceptation int\u00e9grale et sans r\u00e9serve des pr\u00e9sentes mentions l\u00e9gales. Ces derni\u00e8res sont accessibles sur le site \u00e0 la rubrique \u00ab Mentions l\u00e9gales \u00bb.<br \/>\u200b<br \/>\u200b<br \/><strong>ARTICLE 1 :<\/strong> L\u2019\u00e9diteur<br \/>L\u2019\u00e9dition et la direction de la publication du site\u00a0\u00a0est assur\u00e9e par la soci\u00e9t\u00e9 EC+S European consulting plus services , Siret 509\u00a0662\u00a0136 00019.<br \/>\u200b<\/p><p><strong>ARTICLE 2 :<\/strong> L\u2019h\u00e9bergeur L&rsquo;h\u00e9bergeur du site\u00a0\u00a0est la Soci\u00e9t\u00e9 OVH.<br \/>\u200b<br \/>\u200b<br \/><strong>ARTICLE 3 :<\/strong> Acc\u00e8s au site Le site est accessible par tout endroit, 7j\/7, 24h\/24 sauf cas de force majeure, interruption programm\u00e9e ou non et pouvant d\u00e9coulant d\u2019une n\u00e9cessit\u00e9 de maintenance.<br \/>En cas de modification, interruption ou suspension des services le site\u00a0\u00a0saurait \u00eatre tenu responsable.<br \/>\u200b<br \/>\u200b<br \/><strong>ARTICLE 4 :<\/strong> Collecte des donn\u00e9es Le site assure \u00e0 l&rsquo;Utilisateur une collecte et un traitement d&rsquo;informations personnelles dans le respect de la vie priv\u00e9e conform\u00e9ment \u00e0 la loi n\u00b078-17 du 6 janvier 1978 relative \u00e0 l&rsquo;informatique, aux fichiers et aux libert\u00e9s. En vertu de la loi Informatique et Libert\u00e9s, en date du 6 janvier 1978, l&rsquo;Utilisateur dispose d&rsquo;un droit d&rsquo;acc\u00e8s, de rectification, de suppression et d&rsquo;opposition de ses donn\u00e9es personnelles. L&rsquo;Utilisateur exerce ce droit par mail \u00e0 l&rsquo;adresse mail\u00a0<br \/>\u200b<\/p><p>\u200b<br \/><strong>ARTICLE 5 :<\/strong> Cookies<br \/>L\u2019Utilisateur est inform\u00e9 que lors de ses visites sur le site, un cookie peut s\u2019installer automatiquement sur son logiciel de navigation.<br \/>En naviguant sur le site, il les accepte.<br \/>Un cookie est un \u00e9l\u00e9ment qui ne permet pas d\u2019identifier l\u2019Utilisateur mais sert \u00e0 enregistrer des informations relatives \u00e0 la navigation de celui-ci sur le site Internet.<br \/>L\u2019Utilisateur pourra d\u00e9sactiver ce cookie par l\u2019interm\u00e9diaire des param\u00e8tres figurant au sein de son logiciel de navigation.<br \/>\u200b<\/p><p><strong>ARTICLE 6 :<\/strong> Propri\u00e9t\u00e9 intellectuelle Toute utilisation, reproduction, diffusion, commercialisation, modification de toute ou partie du site\u00a0\u00a0sans autorisation de l\u2019Editeur est prohib\u00e9e et pourra entra\u00een\u00e9e des actions et poursuites judiciaires telles que notamment pr\u00e9vues par le Code de la propri\u00e9t\u00e9 intellectuelle et le Code civil.<\/p><p>Tous les visuels utilis\u00e9s sur ce site sont achet\u00e9s ou mis \u00e0 disposition libres de droit .<\/p>\t\t\t\t\t\t\t\t<\/div>\n\t\t\t\t<\/div>\n\t\t\t\t\t<\/div>\n\t\t<\/div>\n\t\t\t\t\t<\/div>\n\t\t<\/section>\n\t\t\t\t<section class=\"elementor-section elementor-top-section elementor-element elementor-element-dfdbe9f elementor-section-height-min-height elementor-section-boxed elementor-section-height-default elementor-section-items-middle\" data-id=\"dfdbe9f\" data-element_type=\"section\" data-e-type=\"section\" data-settings=\"{&quot;background_background&quot;:&quot;classic&quot;}\">\n\t\t\t\t\t\t<div class=\"elementor-container elementor-column-gap-default\">\n\t\t\t\t\t<div class=\"elementor-column elementor-col-66 elementor-top-column elementor-element elementor-element-642b433\" data-id=\"642b433\" data-element_type=\"column\" data-e-type=\"column\">\n\t\t\t<div class=\"elementor-widget-wrap elementor-element-populated\">\n\t\t\t\t\t\t<div class=\"elementor-element elementor-element-3419e9e elementor-widget elementor-widget-image\" data-id=\"3419e9e\" data-element_type=\"widget\" data-e-type=\"widget\" data-widget_type=\"image.default\">\n\t\t\t\t<div class=\"elementor-widget-container\">\n\t\t\t\t\t\t\t\t\t\t\t\t\t\t\t<img decoding=\"async\" width=\"192\" height=\"90\" src=\"https:\/\/www.consulting-ecs.com\/fr\/wp-content\/uploads\/2020\/11\/ECS-Logo-white_-e1604851642741.png\" class=\"attachment-large size-large wp-image-983\" alt=\"\" \/>\t\t\t\t\t\t\t\t\t\t\t\t\t\t\t<\/div>\n\t\t\t\t<\/div>\n\t\t\t\t<div class=\"elementor-element elementor-element-065500a elementor-widget elementor-widget-heading\" data-id=\"065500a\" data-element_type=\"widget\" data-e-type=\"widget\" data-widget_type=\"heading.default\">\n\t\t\t\t<div class=\"elementor-widget-container\">\n\t\t\t\t\t<h1 class=\"elementor-heading-title elementor-size-default\">Nous vous accompagnons dans votre d\u00e9veloppement Working Together for Excellence<\/h1>\t\t\t\t<\/div>\n\t\t\t\t<\/div>\n\t\t\t\t<div class=\"elementor-element elementor-element-47d066e e-grid-align-left elementor-shape-rounded elementor-grid-0 elementor-widget elementor-widget-social-icons\" data-id=\"47d066e\" data-element_type=\"widget\" data-e-type=\"widget\" data-widget_type=\"social-icons.default\">\n\t\t\t\t<div class=\"elementor-widget-container\">\n\t\t\t\t\t\t\t<div class=\"elementor-social-icons-wrapper elementor-grid\">\n\t\t\t\t\t\t\t<span class=\"elementor-grid-item\">\n\t\t\t\t\t<a class=\"elementor-icon elementor-social-icon elementor-social-icon-linkedin elementor-repeater-item-f894598\" href=\"https:\/\/www.linkedin.com\/company\/ec-s-consulting\/\" target=\"_blank\">\n\t\t\t\t\t\t<span class=\"elementor-screen-only\">Linkedin<\/span>\n\t\t\t\t\t\t<i aria-hidden=\"true\" class=\"fab fa-linkedin\"><\/i>\t\t\t\t\t<\/a>\n\t\t\t\t<\/span>\n\t\t\t\t\t<\/div>\n\t\t\t\t\t\t<\/div>\n\t\t\t\t<\/div>\n\t\t\t\t\t<\/div>\n\t\t<\/div>\n\t\t\t\t<footer class=\"elementor-column elementor-col-33 elementor-top-column elementor-element elementor-element-fdf3271\" data-id=\"fdf3271\" data-element_type=\"column\" data-e-type=\"column\">\n\t\t\t<div class=\"elementor-widget-wrap elementor-element-populated\">\n\t\t\t\t\t\t<div class=\"elementor-element elementor-element-39d3fe5 elementor-widget elementor-widget-heading\" data-id=\"39d3fe5\" data-element_type=\"widget\" data-e-type=\"widget\" data-widget_type=\"heading.default\">\n\t\t\t\t<div class=\"elementor-widget-container\">\n\t\t\t\t\t<h2 class=\"elementor-heading-title elementor-size-default\">Menu<\/h2>\t\t\t\t<\/div>\n\t\t\t\t<\/div>\n\t\t\t\t<div class=\"elementor-element elementor-element-36cbed0 elementor-widget elementor-widget-wp-widget-nav_menu\" data-id=\"36cbed0\" data-element_type=\"widget\" data-e-type=\"widget\" data-widget_type=\"wp-widget-nav_menu.default\">\n\t\t\t\t<div class=\"elementor-widget-container\">\n\t\t\t\t\t<h5>Menu<\/h5><nav class=\"menu-menu-site-map-container\" aria-label=\"Menu\"><ul id=\"menu-menu-site-map\" class=\"menu\"><li id=\"menu-item-1735\" class=\"menu-item menu-item-type-post_type menu-item-object-page menu-item-home menu-item-1735\"><a href=\"https:\/\/www.consulting-ecs.com\/fr\/\" class=\"menu-link\">Page d&rsquo;accueil<\/a><\/li>\n<li id=\"menu-item-1736\" class=\"menu-item menu-item-type-post_type menu-item-object-page menu-item-has-children menu-item-1736\"><a aria-expanded=\"false\" href=\"https:\/\/www.consulting-ecs.com\/fr\/consulting-and-services\/\" class=\"menu-link\">Conseils et Services<\/a>\n<ul class=\"sub-menu\">\n\t<li id=\"menu-item-1742\" class=\"menu-item menu-item-type-post_type menu-item-object-page menu-item-has-children menu-item-1742\"><a aria-expanded=\"false\" href=\"https:\/\/www.consulting-ecs.com\/fr\/training\/\" class=\"menu-link\">Formations<\/a>\n\t<ul class=\"sub-menu\">\n\t\t<li id=\"menu-item-2736\" class=\"menu-item menu-item-type-post_type menu-item-object-page menu-item-2736\"><a href=\"https:\/\/www.consulting-ecs.com\/fr\/formation-identifiez-votre-clientele-ideale\/\" class=\"menu-link\">Formation IDENTIFIEZ VOTRE CLIENT\u00c8LE ID\u00c9ALE<\/a><\/li>\n\t<\/ul>\n<\/li>\n\t<li id=\"menu-item-2610\" class=\"menu-item menu-item-type-post_type menu-item-object-page menu-item-2610\"><a href=\"https:\/\/www.consulting-ecs.com\/fr\/skills-and-career-assessment-2\/\" class=\"menu-link\">Bilan de Comp\u00e9tences<\/a><\/li>\n\t<li id=\"menu-item-1741\" class=\"menu-item menu-item-type-post_type menu-item-object-page menu-item-1741\"><a href=\"https:\/\/www.consulting-ecs.com\/fr\/translation-interpretation\/\" class=\"menu-link\">Traduction et Interpr\u00e9tation<\/a><\/li>\n\t<li id=\"menu-item-1740\" class=\"menu-item menu-item-type-post_type menu-item-object-page menu-item-1740\"><a href=\"https:\/\/www.consulting-ecs.com\/fr\/e-learning\/\" class=\"menu-link\">E &#8211; learning<\/a><\/li>\n\t<li id=\"menu-item-1739\" class=\"menu-item menu-item-type-post_type menu-item-object-page menu-item-1739\"><a href=\"https:\/\/www.consulting-ecs.com\/fr\/digital-delivery-service\/\" class=\"menu-link\">Services digitaux<\/a><\/li>\n\t<li id=\"menu-item-1798\" class=\"menu-item menu-item-type-post_type menu-item-object-page menu-item-1798\"><a href=\"https:\/\/www.consulting-ecs.com\/fr\/language-classes\/\" class=\"menu-link\">Cours de Langue<\/a><\/li>\n\t<li id=\"menu-item-1737\" class=\"menu-item menu-item-type-post_type menu-item-object-page menu-item-1737\"><a href=\"https:\/\/www.consulting-ecs.com\/fr\/business-games\/\" class=\"menu-link\">Business games<\/a><\/li>\n<\/ul>\n<\/li>\n<li id=\"menu-item-1743\" class=\"menu-item menu-item-type-post_type menu-item-object-page menu-item-has-children menu-item-1743\"><a aria-expanded=\"false\" href=\"https:\/\/www.consulting-ecs.com\/fr\/company\/\" class=\"menu-link\">Entreprise<\/a>\n<ul class=\"sub-menu\">\n\t<li id=\"menu-item-1744\" class=\"menu-item menu-item-type-post_type menu-item-object-page menu-item-1744\"><a href=\"https:\/\/www.consulting-ecs.com\/fr\/industry-expertise\/\" class=\"menu-link\">Secteurs et industries<\/a><\/li>\n<\/ul>\n<\/li>\n<li id=\"menu-item-1746\" class=\"menu-item menu-item-type-post_type menu-item-object-page menu-item-1746\"><a href=\"https:\/\/www.consulting-ecs.com\/fr\/references-2\/\" class=\"menu-link\">R\u00e9f\u00e9rences<\/a><\/li>\n<li id=\"menu-item-1745\" class=\"menu-item menu-item-type-post_type menu-item-object-page menu-item-1745\"><a href=\"https:\/\/www.consulting-ecs.com\/fr\/contacts\/\" class=\"menu-link\">Nous contacter<\/a><\/li>\n<li id=\"menu-item-1738\" class=\"menu-item menu-item-type-post_type menu-item-object-page menu-item-1738\"><a href=\"https:\/\/www.consulting-ecs.com\/fr\/become-a-licensee\/\" class=\"menu-link\">Devenir Licensee<\/a><\/li>\n<\/ul><\/nav>\t\t\t\t<\/div>\n\t\t\t\t<\/div>\n\t\t\t\t\t<\/div>\n\t\t<\/footer>\n\t\t\t\t\t<\/div>\n\t\t<\/section>\n\t\t\t\t<section class=\"elementor-section elementor-top-section elementor-element elementor-element-d2bcaf8 elementor-section-stretched elementor-section-boxed elementor-section-height-default elementor-section-height-default\" data-id=\"d2bcaf8\" data-element_type=\"section\" data-e-type=\"section\" data-settings=\"{&quot;stretch_section&quot;:&quot;section-stretched&quot;,&quot;background_background&quot;:&quot;classic&quot;}\">\n\t\t\t\t\t\t<div class=\"elementor-container elementor-column-gap-default\">\n\t\t\t\t\t<div class=\"elementor-column elementor-col-33 elementor-top-column elementor-element elementor-element-68e5643\" data-id=\"68e5643\" data-element_type=\"column\" data-e-type=\"column\">\n\t\t\t<div class=\"elementor-widget-wrap elementor-element-populated\">\n\t\t\t\t\t\t<div class=\"elementor-element elementor-element-1a91cb9 elementor-widget elementor-widget-image\" data-id=\"1a91cb9\" data-element_type=\"widget\" data-e-type=\"widget\" data-widget_type=\"image.default\">\n\t\t\t\t<div class=\"elementor-widget-container\">\n\t\t\t\t\t\t\t\t\t\t\t\t\t\t\t<img decoding=\"async\" width=\"220\" height=\"71\" src=\"https:\/\/www.consulting-ecs.com\/fr\/wp-content\/uploads\/2020\/11\/ECS-Logo-white.png\" class=\"attachment-large size-large wp-image-929\" alt=\"\" srcset=\"https:\/\/www.consulting-ecs.com\/fr\/wp-content\/uploads\/2020\/11\/ECS-Logo-white.png 220w, https:\/\/www.consulting-ecs.com\/fr\/wp-content\/uploads\/2020\/11\/ECS-Logo-white-18x6.png 18w\" sizes=\"(max-width: 220px) 100vw, 220px\" \/>\t\t\t\t\t\t\t\t\t\t\t\t\t\t\t<\/div>\n\t\t\t\t<\/div>\n\t\t\t\t\t<\/div>\n\t\t<\/div>\n\t\t\t\t<div class=\"elementor-column elementor-col-33 elementor-top-column elementor-element elementor-element-4e5c32d\" data-id=\"4e5c32d\" data-element_type=\"column\" data-e-type=\"column\">\n\t\t\t<div class=\"elementor-widget-wrap elementor-element-populated\">\n\t\t\t\t\t\t<div class=\"elementor-element elementor-element-aeb4ea5 elementor-widget elementor-widget-heading\" data-id=\"aeb4ea5\" data-element_type=\"widget\" data-e-type=\"widget\" data-widget_type=\"heading.default\">\n\t\t\t\t<div class=\"elementor-widget-container\">\n\t\t\t\t\t<p class=\"elementor-heading-title elementor-size-default\">EC+S European Consulting + Services - Working together for Excellence<\/p>\t\t\t\t<\/div>\n\t\t\t\t<\/div>\n\t\t\t\t\t<\/div>\n\t\t<\/div>\n\t\t\t\t<div class=\"elementor-column elementor-col-33 elementor-top-column elementor-element elementor-element-c43681d\" data-id=\"c43681d\" data-element_type=\"column\" data-e-type=\"column\">\n\t\t\t<div class=\"elementor-widget-wrap elementor-element-populated\">\n\t\t\t\t\t\t<div class=\"elementor-element elementor-element-448c777 elementor-icon-list--layout-inline elementor-align-end elementor-list-item-link-full_width elementor-widget elementor-widget-icon-list\" data-id=\"448c777\" data-element_type=\"widget\" data-e-type=\"widget\" data-widget_type=\"icon-list.default\">\n\t\t\t\t<div class=\"elementor-widget-container\">\n\t\t\t\t\t\t\t<ul class=\"elementor-icon-list-items elementor-inline-items\">\n\t\t\t\t\t\t\t<li class=\"elementor-icon-list-item elementor-inline-item\">\n\t\t\t\t\t\t\t\t\t\t\t<span class=\"elementor-icon-list-icon\">\n\t\t\t\t\t\t\t<i aria-hidden=\"true\" class=\"fas fa-phone\"><\/i>\t\t\t\t\t\t<\/span>\n\t\t\t\t\t\t\t\t\t\t<span class=\"elementor-icon-list-text\">+33 (0)9 72 46 87 21<\/span>\n\t\t\t\t\t\t\t\t\t<\/li>\n\t\t\t\t\t\t\t\t<li class=\"elementor-icon-list-item elementor-inline-item\">\n\t\t\t\t\t\t\t\t\t\t\t<span class=\"elementor-icon-list-icon\">\n\t\t\t\t\t\t\t<i aria-hidden=\"true\" class=\"fas fa-envelope\"><\/i>\t\t\t\t\t\t<\/span>\n\t\t\t\t\t\t\t\t\t\t<span class=\"elementor-icon-list-text\">contact@consulting-ecs.com<\/span>\n\t\t\t\t\t\t\t\t\t<\/li>\n\t\t\t\t\t\t<\/ul>\n\t\t\t\t\t\t<\/div>\n\t\t\t\t<\/div>\n\t\t\t\t\t<\/div>\n\t\t<\/div>\n\t\t\t\t\t<\/div>\n\t\t<\/section>\n\t\t\t\t<\/div>\n\t\t","protected":false},"excerpt":{"rendered":"<p>MENTIONS L\u00c9GALES En vigueur au 01\/03\/2021 Conform\u00e9ment aux dispositions des Articles 6-III et 19 de la Loi n\u00b02004-575 du 21 juin 2004 pour la Confiance dans l\u2019\u00e9conomie num\u00e9rique, dite L.C.E.N., il est port\u00e9 \u00e0 la connaissance des Utilisateurs du site\u00a0\u00a0pr\u00e9sentes mentions l\u00e9gales.La connexion et la navigation sur le site www.consulting-ecs.com de la soci\u00e9t\u00e9 EC+S European [&hellip;]<\/p>\n","protected":false},"author":1,"featured_media":0,"parent":0,"menu_order":0,"comment_status":"closed","ping_status":"closed","template":"","meta":{"site-sidebar-layout":"default","site-content-layout":"default","ast-site-content-layout":"","site-content-style":"default","site-sidebar-style":"default","ast-global-header-display":"","ast-banner-title-visibility":"","ast-main-header-display":"","ast-hfb-above-header-display":"","ast-hfb-below-header-display":"","ast-hfb-mobile-header-display":"","site-post-title":"","ast-breadcrumbs-content":"","ast-featured-img":"","footer-sml-layout":"","theme-transparent-header-meta":"enabled","adv-header-id-meta":"","stick-header-meta":"","header-above-stick-meta":"","header-main-stick-meta":"","header-below-stick-meta":"","astra-migrate-meta-layouts":"default","ast-page-background-enabled":"default","ast-page-background-meta":{"desktop":{"background-color":"","background-image":"","background-repeat":"repeat","background-position":"center center","background-size":"auto","background-attachment":"scroll","background-type":"","background-media":"","overlay-type":"","overlay-color":"","overlay-opacity":"","overlay-gradient":""},"tablet":{"background-color":"","background-image":"","background-repeat":"repeat","background-position":"center center","background-size":"auto","background-attachment":"scroll","background-type":"","background-media":"","overlay-type":"","overlay-color":"","overlay-opacity":"","overlay-gradient":""},"mobile":{"background-color":"","background-image":"","background-repeat":"repeat","background-position":"center center","background-size":"auto","background-attachment":"scroll","background-type":"","background-media":"","overlay-type":"","overlay-color":"","overlay-opacity":"","overlay-gradient":""}},"ast-content-background-meta":{"desktop":{"background-color":"var(--ast-global-color-5)","background-image":"","background-repeat":"repeat","background-position":"center center","background-size":"auto","background-attachment":"scroll","background-type":"","background-media":"","overlay-type":"","overlay-color":"","overlay-opacity":"","overlay-gradient":""},"tablet":{"background-color":"var(--ast-global-color-5)","background-image":"","background-repeat":"repeat","background-position":"center center","background-size":"auto","background-attachment":"scroll","background-type":"","background-media":"","overlay-type":"","overlay-color":"","overlay-opacity":"","overlay-gradient":""},"mobile":{"background-color":"var(--ast-global-color-5)","background-image":"","background-repeat":"repeat","background-position":"center center","background-size":"auto","background-attachment":"scroll","background-type":"","background-media":"","overlay-type":"","overlay-color":"","overlay-opacity":"","overlay-gradient":""}},"footnotes":""},"class_list":["post-2437","page","type-page","status-publish","hentry"],"_links":{"self":[{"href":"https:\/\/www.consulting-ecs.com\/fr\/wp-json\/wp\/v2\/pages\/2437"}],"collection":[{"href":"https:\/\/www.consulting-ecs.com\/fr\/wp-json\/wp\/v2\/pages"}],"about":[{"href":"https:\/\/www.consulting-ecs.com\/fr\/wp-json\/wp\/v2\/types\/page"}],"author":[{"embeddable":true,"href":"https:\/\/www.consulting-ecs.com\/fr\/wp-json\/wp\/v2\/users\/1"}],"replies":[{"embeddable":true,"href":"https:\/\/www.consulting-ecs.com\/fr\/wp-json\/wp\/v2\/comments?post=2437"}],"version-history":[{"count":13,"href":"https:\/\/www.consulting-ecs.com\/fr\/wp-json\/wp\/v2\/pages\/2437\/revisions"}],"predecessor-version":[{"id":2475,"href":"https:\/\/www.consulting-ecs.com\/fr\/wp-json\/wp\/v2\/pages\/2437\/revisions\/2475"}],"wp:attachment":[{"href":"https:\/\/www.consulting-ecs.com\/fr\/wp-json\/wp\/v2\/media?parent=2437"}],"curies":[{"name":"wp","href":"https:\/\/api.w.org\/{rel}","templated":true}]}}