{"id":2437,"date":"2021-03-30T16:55:22","date_gmt":"2021-03-30T15:55:22","guid":{"rendered":"https:\/\/www.consulting-ecs.com\/fr\/?page_id=2437"},"modified":"2021-04-06T16:00:22","modified_gmt":"2021-04-06T15:00:22","slug":"mentions-legales","status":"publish","type":"page","link":"https:\/\/www.consulting-ecs.com\/fr\/es_es\/mentions-legales\/","title":{"rendered":"AVISO LEGAL"},"content":{"rendered":"<div data-elementor-type=\"wp-post\" data-elementor-id=\"2437\" class=\"elementor elementor-2437\">\n\t\t\t\t\t\t<section class=\"elementor-section elementor-top-section elementor-element elementor-element-911c39c elementor-section-height-min-height elementor-section-stretched elementor-section-boxed elementor-section-height-default elementor-section-items-middle\" data-id=\"911c39c\" data-element_type=\"section\" data-e-type=\"section\" data-settings=\"{&quot;background_background&quot;:&quot;classic&quot;,&quot;stretch_section&quot;:&quot;section-stretched&quot;}\">\n\t\t\t\t\t\t<div class=\"elementor-container elementor-column-gap-wide\">\n\t\t\t\t\t<div class=\"elementor-column elementor-col-100 elementor-top-column elementor-element elementor-element-6fd331a\" data-id=\"6fd331a\" data-element_type=\"column\" data-e-type=\"column\">\n\t\t\t<div class=\"elementor-widget-wrap elementor-element-populated\">\n\t\t\t\t\t\t<div class=\"elementor-element elementor-element-e45ed12 elementor-widget elementor-widget-heading\" data-id=\"e45ed12\" data-element_type=\"widget\" data-e-type=\"widget\" data-widget_type=\"heading.default\">\n\t\t\t\t<div class=\"elementor-widget-container\">\n\t\t\t\t\t<h1 class=\"elementor-heading-title elementor-size-default\">AVISO LEGAL<\/h1>\t\t\t\t<\/div>\n\t\t\t\t<\/div>\n\t\t\t\t<div class=\"elementor-element elementor-element-3bc964a elementor-widget elementor-widget-heading\" data-id=\"3bc964a\" data-element_type=\"widget\" data-e-type=\"widget\" data-widget_type=\"heading.default\">\n\t\t\t\t<div class=\"elementor-widget-container\">\n\t\t\t\t\t<h3 class=\"elementor-heading-title elementor-size-default\">En vigencia desde el 01\/03\/2021<\/h3>\t\t\t\t<\/div>\n\t\t\t\t<\/div>\n\t\t\t\t<div class=\"elementor-element elementor-element-e3b2171 elementor-widget elementor-widget-text-editor\" data-id=\"e3b2171\" data-element_type=\"widget\" data-e-type=\"widget\" data-widget_type=\"text-editor.default\">\n\t\t\t\t<div class=\"elementor-widget-container\">\n\t\t\t\t\t\t\t\t\t<p class=\"translation-block\">De conformidad con lo dispuesto en los art\u00edculos 6-III y 19 de la Ley N \u00b0 2004-575 de 21 de junio de\n2004 de Confianza en la Econom\u00eda Digital, conocida como LCEN, se pone en conocimiento de los\nUsuarios del sitio en este darse cuenta.\nLa conexi\u00f3n y navegaci\u00f3n en el sitio www.consulting-ecs.com de la empresa EC + S European\nconsulting plus services, por parte del Usuario, implica la aceptaci\u00f3n plena y sin reservas de estos\navisos legales.\nSe puede acceder a ellos en el sitio bajo el t\u00edtulo \"Avisos legales\".\n\n\n<br><strong>ART\u00cdCULO 1:<\/strong> El editor\nEl sitio est\u00e1 editado y publicado por EC + S European consulting plus services, Siret 509662136 00019.<\/p><p class=\"translation-block\"><strong>ART\u00cdCULO 2:<\/strong> El anfitri\u00f3n\nEl anfitri\u00f3n del sitio es la empresa OVH.<br>\u200b<br>\u200b<br><strong>ART\u00cdCULO 3 :<\/strong> Acceso al sitio\nSe puede acceder al sitio desde cualquier lugar, los 7 d\u00edas de la semana, las 24 horas del d\u00eda, excepto en casos de fuerza mayor, interrupci\u00f3n planificada o no programada y que pueda resultar de una necesidad de mantenimiento.\nEn caso de modificaci\u00f3n, interrupci\u00f3n o suspensi\u00f3n de los servicios, el sitio no se hace responsable.<br>\u200b<br>\u200b<br><strong>ART\u00cdCULO 4 :<\/strong> Recolecci\u00f3n de datos\nEl sitio proporciona al Usuario la recopilaci\u00f3n y procesamiento de informaci\u00f3n personal con respeto a la privacidad de acuerdo con la Ley N \u00b0 78-17 del 6 de enero de 1978 relativa a Computadoras, archivos y libertades. En virtud de la Ley de Protecci\u00f3n de Datos, de 6 de enero de 1978, el Usuario tiene derecho a acceder, rectificar, suprimir y oponerse a sus datos personales. El Usuario ejerce este derecho por correo electr\u00f3nico a la direcci\u00f3n de correo electr\u00f3nico<br><\/p><p class=\"translation-block\">\u200b<br><strong>ART\u00cdCULO 5 :<\/strong> Cookies<br>Se informa al Usuario que durante sus visitas al sitio, es posible que se instale autom\u00e1ticamente una cookie en el software de su navegador.\nAl navegar por el sitio, los acepta.\nUna cookie es un elemento que no identifica al Usuario pero que se utiliza para registrar informaci\u00f3n relacionada con la navegaci\u00f3n del usuario en el sitio web. El Usuario puede desactivar esta cookie a trav\u00e9s de los par\u00e1metros que aparecen en el software de su navegador.<br>\u200b<\/p><p><strong>ART\u00cdCULO 6:<\/strong> Propiedad intelectual\nCualquier uso, reproducci\u00f3n, distribuci\u00f3n, comercializaci\u00f3n, modificaci\u00f3n de todo o parte del sitio sin\nel permiso del Editor est\u00e1 prohibido y puede resultar en acciones y procedimientos legales seg\u00fan lo\ndispuesto en particular por el C\u00f3digo de Propiedad Intelectual y el C\u00f3digo Civil.<\/p><p>Todas las im\u00e1genes utilizadas en este sitio se compran o se ponen a disposici\u00f3n sin derechos de autor.<\/p>\t\t\t\t\t\t\t\t<\/div>\n\t\t\t\t<\/div>\n\t\t\t\t\t<\/div>\n\t\t<\/div>\n\t\t\t\t\t<\/div>\n\t\t<\/section>\n\t\t\t\t<section class=\"elementor-section elementor-top-section elementor-element elementor-element-dfdbe9f elementor-section-height-min-height elementor-section-boxed elementor-section-height-default elementor-section-items-middle\" data-id=\"dfdbe9f\" data-element_type=\"section\" data-e-type=\"section\" data-settings=\"{&quot;background_background&quot;:&quot;classic&quot;}\">\n\t\t\t\t\t\t<div class=\"elementor-container elementor-column-gap-default\">\n\t\t\t\t\t<div class=\"elementor-column elementor-col-66 elementor-top-column elementor-element elementor-element-642b433\" data-id=\"642b433\" data-element_type=\"column\" data-e-type=\"column\">\n\t\t\t<div class=\"elementor-widget-wrap elementor-element-populated\">\n\t\t\t\t\t\t<div class=\"elementor-element elementor-element-3419e9e elementor-widget elementor-widget-image\" data-id=\"3419e9e\" data-element_type=\"widget\" data-e-type=\"widget\" data-widget_type=\"image.default\">\n\t\t\t\t<div class=\"elementor-widget-container\">\n\t\t\t\t\t\t\t\t\t\t\t\t\t\t\t<img decoding=\"async\" width=\"192\" height=\"90\" src=\"https:\/\/www.consulting-ecs.com\/fr\/wp-content\/uploads\/2020\/11\/ECS-Logo-white_-e1604851642741.png\" class=\"attachment-large size-large wp-image-983\" alt=\"\" \/>\t\t\t\t\t\t\t\t\t\t\t\t\t\t\t<\/div>\n\t\t\t\t<\/div>\n\t\t\t\t<div class=\"elementor-element elementor-element-065500a elementor-widget elementor-widget-heading\" data-id=\"065500a\" data-element_type=\"widget\" data-e-type=\"widget\" data-widget_type=\"heading.default\">\n\t\t\t\t<div class=\"elementor-widget-container\">\n\t\t\t\t\t<h1 class=\"elementor-heading-title elementor-size-default\">Ayudamos a su negocio a crecer trabajando juntos por la excelencia<\/h1>\t\t\t\t<\/div>\n\t\t\t\t<\/div>\n\t\t\t\t<div class=\"elementor-element elementor-element-47d066e e-grid-align-left elementor-shape-rounded elementor-grid-0 elementor-widget elementor-widget-social-icons\" data-id=\"47d066e\" data-element_type=\"widget\" data-e-type=\"widget\" data-widget_type=\"social-icons.default\">\n\t\t\t\t<div class=\"elementor-widget-container\">\n\t\t\t\t\t\t\t<div class=\"elementor-social-icons-wrapper elementor-grid\">\n\t\t\t\t\t\t\t<span class=\"elementor-grid-item\">\n\t\t\t\t\t<a class=\"elementor-icon elementor-social-icon elementor-social-icon-linkedin elementor-repeater-item-f894598\" href=\"https:\/\/www.linkedin.com\/company\/ec-s-consulting\/\" target=\"_blank\">\n\t\t\t\t\t\t<span class=\"elementor-screen-only\">Linkedin<\/span>\n\t\t\t\t\t\t<i aria-hidden=\"true\" class=\"fab fa-linkedin\"><\/i>\t\t\t\t\t<\/a>\n\t\t\t\t<\/span>\n\t\t\t\t\t<\/div>\n\t\t\t\t\t\t<\/div>\n\t\t\t\t<\/div>\n\t\t\t\t\t<\/div>\n\t\t<\/div>\n\t\t\t\t<footer class=\"elementor-column elementor-col-33 elementor-top-column elementor-element elementor-element-fdf3271\" data-id=\"fdf3271\" data-element_type=\"column\" data-e-type=\"column\">\n\t\t\t<div class=\"elementor-widget-wrap elementor-element-populated\">\n\t\t\t\t\t\t<div class=\"elementor-element elementor-element-39d3fe5 elementor-widget elementor-widget-heading\" data-id=\"39d3fe5\" data-element_type=\"widget\" data-e-type=\"widget\" data-widget_type=\"heading.default\">\n\t\t\t\t<div class=\"elementor-widget-container\">\n\t\t\t\t\t<h2 class=\"elementor-heading-title elementor-size-default\">Men\u00fa<\/h2>\t\t\t\t<\/div>\n\t\t\t\t<\/div>\n\t\t\t\t<div class=\"elementor-element elementor-element-36cbed0 elementor-widget elementor-widget-wp-widget-nav_menu\" data-id=\"36cbed0\" data-element_type=\"widget\" data-e-type=\"widget\" data-widget_type=\"wp-widget-nav_menu.default\">\n\t\t\t\t<div class=\"elementor-widget-container\">\n\t\t\t\t\t<h5>Men\u00fa<\/h5><nav class=\"menu-menu-site-map-container\" aria-label=\"Men\u00fa\"><ul id=\"menu-menu-site-map\" class=\"menu\"><li id=\"menu-item-1735\" class=\"menu-item menu-item-type-post_type menu-item-object-page menu-item-home menu-item-1735\"><a href=\"https:\/\/www.consulting-ecs.com\/fr\/es_es\/\" class=\"menu-link\">P\u00e1gina de Inicio<\/a><\/li>\n<li id=\"menu-item-1736\" class=\"menu-item menu-item-type-post_type menu-item-object-page menu-item-has-children menu-item-1736\"><a aria-expanded=\"false\" href=\"https:\/\/www.consulting-ecs.com\/fr\/es_es\/consulting-and-services\/\" class=\"menu-link\">Consultor\u00eda y Servicios<\/a>\n<ul class=\"sub-menu\">\n\t<li id=\"menu-item-1742\" class=\"menu-item menu-item-type-post_type menu-item-object-page menu-item-has-children menu-item-1742\"><a aria-expanded=\"false\" href=\"https:\/\/www.consulting-ecs.com\/fr\/es_es\/training\/\" class=\"menu-link\">Formaci\u00f3n<\/a>\n\t<ul class=\"sub-menu\">\n\t\t<li id=\"menu-item-2736\" class=\"menu-item menu-item-type-post_type menu-item-object-page menu-item-2736\"><a href=\"https:\/\/www.consulting-ecs.com\/fr\/es_es\/formation-identifiez-votre-clientele-ideale\/\" class=\"menu-link\">Formation IDENTIFIEZ VOTRE CLIENT\u00c8LE ID\u00c9ALE<\/a><\/li>\n\t<\/ul>\n<\/li>\n\t<li id=\"menu-item-2610\" class=\"menu-item menu-item-type-post_type menu-item-object-page menu-item-2610\"><a href=\"https:\/\/www.consulting-ecs.com\/fr\/es_es\/skills-and-career-assessment-2\/\" class=\"menu-link\">Evaluaci\u00f3n de habilidades y carreras<\/a><\/li>\n\t<li id=\"menu-item-1741\" class=\"menu-item menu-item-type-post_type menu-item-object-page menu-item-1741\"><a href=\"https:\/\/www.consulting-ecs.com\/fr\/es_es\/translation-interpretation\/\" class=\"menu-link\">Traducci\u00f3n e interpretaci\u00f3n<\/a><\/li>\n\t<li id=\"menu-item-1740\" class=\"menu-item menu-item-type-post_type menu-item-object-page menu-item-1740\"><a href=\"https:\/\/www.consulting-ecs.com\/fr\/es_es\/e-learning\/\" class=\"menu-link\">E &#8211; learning<\/a><\/li>\n\t<li id=\"menu-item-1739\" class=\"menu-item menu-item-type-post_type menu-item-object-page menu-item-1739\"><a href=\"https:\/\/www.consulting-ecs.com\/fr\/es_es\/digital-delivery-service\/\" class=\"menu-link\">Servicios Digitales<\/a><\/li>\n\t<li id=\"menu-item-1798\" class=\"menu-item menu-item-type-post_type menu-item-object-page menu-item-1798\"><a href=\"https:\/\/www.consulting-ecs.com\/fr\/es_es\/language-classes\/\" class=\"menu-link\">Clases de Lenguaje<\/a><\/li>\n\t<li id=\"menu-item-1737\" class=\"menu-item menu-item-type-post_type menu-item-object-page menu-item-1737\"><a href=\"https:\/\/www.consulting-ecs.com\/fr\/es_es\/business-games\/\" class=\"menu-link\">Juegos de Negocios<\/a><\/li>\n<\/ul>\n<\/li>\n<li id=\"menu-item-1743\" class=\"menu-item menu-item-type-post_type menu-item-object-page menu-item-has-children menu-item-1743\"><a aria-expanded=\"false\" href=\"https:\/\/www.consulting-ecs.com\/fr\/es_es\/company\/\" class=\"menu-link\">Empresa<\/a>\n<ul class=\"sub-menu\">\n\t<li id=\"menu-item-1744\" class=\"menu-item menu-item-type-post_type menu-item-object-page menu-item-1744\"><a href=\"https:\/\/www.consulting-ecs.com\/fr\/es_es\/industry-expertise\/\" class=\"menu-link\">Sector e industria<\/a><\/li>\n<\/ul>\n<\/li>\n<li id=\"menu-item-1746\" class=\"menu-item menu-item-type-post_type menu-item-object-page menu-item-1746\"><a href=\"https:\/\/www.consulting-ecs.com\/fr\/es_es\/references-2\/\" class=\"menu-link\">Referencias<\/a><\/li>\n<li id=\"menu-item-1745\" class=\"menu-item menu-item-type-post_type menu-item-object-page menu-item-1745\"><a href=\"https:\/\/www.consulting-ecs.com\/fr\/es_es\/contacts\/\" class=\"menu-link\">Contacto<\/a><\/li>\n<li id=\"menu-item-1738\" class=\"menu-item menu-item-type-post_type menu-item-object-page menu-item-1738\"><a href=\"https:\/\/www.consulting-ecs.com\/fr\/es_es\/become-a-licensee\/\" class=\"menu-link\">Convi\u00e9rtase en licenciatario<\/a><\/li>\n<\/ul><\/nav>\t\t\t\t<\/div>\n\t\t\t\t<\/div>\n\t\t\t\t\t<\/div>\n\t\t<\/footer>\n\t\t\t\t\t<\/div>\n\t\t<\/section>\n\t\t\t\t<section class=\"elementor-section elementor-top-section elementor-element elementor-element-d2bcaf8 elementor-section-stretched elementor-section-boxed elementor-section-height-default elementor-section-height-default\" data-id=\"d2bcaf8\" data-element_type=\"section\" data-e-type=\"section\" data-settings=\"{&quot;stretch_section&quot;:&quot;section-stretched&quot;,&quot;background_background&quot;:&quot;classic&quot;}\">\n\t\t\t\t\t\t<div class=\"elementor-container elementor-column-gap-default\">\n\t\t\t\t\t<div class=\"elementor-column elementor-col-33 elementor-top-column elementor-element elementor-element-68e5643\" data-id=\"68e5643\" data-element_type=\"column\" data-e-type=\"column\">\n\t\t\t<div class=\"elementor-widget-wrap elementor-element-populated\">\n\t\t\t\t\t\t<div class=\"elementor-element elementor-element-1a91cb9 elementor-widget elementor-widget-image\" data-id=\"1a91cb9\" data-element_type=\"widget\" data-e-type=\"widget\" data-widget_type=\"image.default\">\n\t\t\t\t<div class=\"elementor-widget-container\">\n\t\t\t\t\t\t\t\t\t\t\t\t\t\t\t<img decoding=\"async\" width=\"220\" height=\"71\" src=\"https:\/\/www.consulting-ecs.com\/fr\/wp-content\/uploads\/2020\/11\/ECS-Logo-white.png\" class=\"attachment-large size-large wp-image-929\" alt=\"\" srcset=\"https:\/\/www.consulting-ecs.com\/fr\/wp-content\/uploads\/2020\/11\/ECS-Logo-white.png 220w, https:\/\/www.consulting-ecs.com\/fr\/wp-content\/uploads\/2020\/11\/ECS-Logo-white-18x6.png 18w\" sizes=\"(max-width: 220px) 100vw, 220px\" \/>\t\t\t\t\t\t\t\t\t\t\t\t\t\t\t<\/div>\n\t\t\t\t<\/div>\n\t\t\t\t\t<\/div>\n\t\t<\/div>\n\t\t\t\t<div class=\"elementor-column elementor-col-33 elementor-top-column elementor-element elementor-element-4e5c32d\" data-id=\"4e5c32d\" data-element_type=\"column\" data-e-type=\"column\">\n\t\t\t<div class=\"elementor-widget-wrap elementor-element-populated\">\n\t\t\t\t\t\t<div class=\"elementor-element elementor-element-aeb4ea5 elementor-widget elementor-widget-heading\" data-id=\"aeb4ea5\" data-element_type=\"widget\" data-e-type=\"widget\" data-widget_type=\"heading.default\">\n\t\t\t\t<div class=\"elementor-widget-container\">\n\t\t\t\t\t<p class=\"elementor-heading-title elementor-size-default\">EC + S European Consulting + Services - Trabajando juntos para la excelencia<\/p>\t\t\t\t<\/div>\n\t\t\t\t<\/div>\n\t\t\t\t\t<\/div>\n\t\t<\/div>\n\t\t\t\t<div class=\"elementor-column elementor-col-33 elementor-top-column elementor-element elementor-element-c43681d\" data-id=\"c43681d\" data-element_type=\"column\" data-e-type=\"column\">\n\t\t\t<div class=\"elementor-widget-wrap elementor-element-populated\">\n\t\t\t\t\t\t<div class=\"elementor-element elementor-element-448c777 elementor-icon-list--layout-inline elementor-align-end elementor-list-item-link-full_width elementor-widget elementor-widget-icon-list\" data-id=\"448c777\" data-element_type=\"widget\" data-e-type=\"widget\" data-widget_type=\"icon-list.default\">\n\t\t\t\t<div class=\"elementor-widget-container\">\n\t\t\t\t\t\t\t<ul class=\"elementor-icon-list-items elementor-inline-items\">\n\t\t\t\t\t\t\t<li class=\"elementor-icon-list-item elementor-inline-item\">\n\t\t\t\t\t\t\t\t\t\t\t<span class=\"elementor-icon-list-icon\">\n\t\t\t\t\t\t\t<i aria-hidden=\"true\" class=\"fas fa-phone\"><\/i>\t\t\t\t\t\t<\/span>\n\t\t\t\t\t\t\t\t\t\t<span class=\"elementor-icon-list-text\">+33 (0)9 72 46 87 21<\/span>\n\t\t\t\t\t\t\t\t\t<\/li>\n\t\t\t\t\t\t\t\t<li class=\"elementor-icon-list-item elementor-inline-item\">\n\t\t\t\t\t\t\t\t\t\t\t<span class=\"elementor-icon-list-icon\">\n\t\t\t\t\t\t\t<i aria-hidden=\"true\" class=\"fas fa-envelope\"><\/i>\t\t\t\t\t\t<\/span>\n\t\t\t\t\t\t\t\t\t\t<span class=\"elementor-icon-list-text\">contact@consulting-ecs.com<\/span>\n\t\t\t\t\t\t\t\t\t<\/li>\n\t\t\t\t\t\t<\/ul>\n\t\t\t\t\t\t<\/div>\n\t\t\t\t<\/div>\n\t\t\t\t\t<\/div>\n\t\t<\/div>\n\t\t\t\t\t<\/div>\n\t\t<\/section>\n\t\t\t\t<\/div>","protected":false},"excerpt":{"rendered":"<p>MENTIONS L\u00c9GALES En vigueur au 01\/03\/2021 Conform\u00e9ment aux dispositions des Articles 6-III et 19 de la Loi n\u00b02004-575 du 21 juin 2004 pour la Confiance dans l\u2019\u00e9conomie num\u00e9rique, dite L.C.E.N., il est port\u00e9 \u00e0 la connaissance des Utilisateurs du site\u00a0\u00a0pr\u00e9sentes mentions l\u00e9gales.La connexion et la navigation sur le site www.consulting-ecs.com de la soci\u00e9t\u00e9 EC+S European [&hellip;]<\/p>\n","protected":false},"author":1,"featured_media":0,"parent":0,"menu_order":0,"comment_status":"closed","ping_status":"closed","template":"","meta":{"site-sidebar-layout":"default","site-content-layout":"default","ast-site-content-layout":"","site-content-style":"default","site-sidebar-style":"default","ast-global-header-display":"","ast-banner-title-visibility":"","ast-main-header-display":"","ast-hfb-above-header-display":"","ast-hfb-below-header-display":"","ast-hfb-mobile-header-display":"","site-post-title":"","ast-breadcrumbs-content":"","ast-featured-img":"","footer-sml-layout":"","theme-transparent-header-meta":"enabled","adv-header-id-meta":"","stick-header-meta":"","header-above-stick-meta":"","header-main-stick-meta":"","header-below-stick-meta":"","astra-migrate-meta-layouts":"default","ast-page-background-enabled":"default","ast-page-background-meta":{"desktop":{"background-color":"","background-image":"","background-repeat":"repeat","background-position":"center center","background-size":"auto","background-attachment":"scroll","background-type":"","background-media":"","overlay-type":"","overlay-color":"","overlay-opacity":"","overlay-gradient":""},"tablet":{"background-color":"","background-image":"","background-repeat":"repeat","background-position":"center center","background-size":"auto","background-attachment":"scroll","background-type":"","background-media":"","overlay-type":"","overlay-color":"","overlay-opacity":"","overlay-gradient":""},"mobile":{"background-color":"","background-image":"","background-repeat":"repeat","background-position":"center center","background-size":"auto","background-attachment":"scroll","background-type":"","background-media":"","overlay-type":"","overlay-color":"","overlay-opacity":"","overlay-gradient":""}},"ast-content-background-meta":{"desktop":{"background-color":"var(--ast-global-color-5)","background-image":"","background-repeat":"repeat","background-position":"center center","background-size":"auto","background-attachment":"scroll","background-type":"","background-media":"","overlay-type":"","overlay-color":"","overlay-opacity":"","overlay-gradient":""},"tablet":{"background-color":"var(--ast-global-color-5)","background-image":"","background-repeat":"repeat","background-position":"center center","background-size":"auto","background-attachment":"scroll","background-type":"","background-media":"","overlay-type":"","overlay-color":"","overlay-opacity":"","overlay-gradient":""},"mobile":{"background-color":"var(--ast-global-color-5)","background-image":"","background-repeat":"repeat","background-position":"center center","background-size":"auto","background-attachment":"scroll","background-type":"","background-media":"","overlay-type":"","overlay-color":"","overlay-opacity":"","overlay-gradient":""}},"footnotes":""},"class_list":["post-2437","page","type-page","status-publish","hentry"],"_links":{"self":[{"href":"https:\/\/www.consulting-ecs.com\/fr\/es_es\/wp-json\/wp\/v2\/pages\/2437"}],"collection":[{"href":"https:\/\/www.consulting-ecs.com\/fr\/es_es\/wp-json\/wp\/v2\/pages"}],"about":[{"href":"https:\/\/www.consulting-ecs.com\/fr\/es_es\/wp-json\/wp\/v2\/types\/page"}],"author":[{"embeddable":true,"href":"https:\/\/www.consulting-ecs.com\/fr\/es_es\/wp-json\/wp\/v2\/users\/1"}],"replies":[{"embeddable":true,"href":"https:\/\/www.consulting-ecs.com\/fr\/es_es\/wp-json\/wp\/v2\/comments?post=2437"}],"version-history":[{"count":13,"href":"https:\/\/www.consulting-ecs.com\/fr\/es_es\/wp-json\/wp\/v2\/pages\/2437\/revisions"}],"predecessor-version":[{"id":2475,"href":"https:\/\/www.consulting-ecs.com\/fr\/es_es\/wp-json\/wp\/v2\/pages\/2437\/revisions\/2475"}],"wp:attachment":[{"href":"https:\/\/www.consulting-ecs.com\/fr\/es_es\/wp-json\/wp\/v2\/media?parent=2437"}],"curies":[{"name":"wp","href":"https:\/\/api.w.org\/{rel}","templated":true}]}}